{"id":1978,"date":"2024-10-10T09:19:11","date_gmt":"2024-10-10T09:19:11","guid":{"rendered":"https:\/\/amanited.com\/?page_id=1978"},"modified":"2024-10-10T09:20:05","modified_gmt":"2024-10-10T09:20:05","slug":"terms-and-conditions","status":"publish","type":"page","link":"https:\/\/amanited.com\/es\/terms-and-conditions\/","title":{"rendered":"Condiciones generales"},"content":{"rendered":"<div data-elementor-type=\"wp-page\" data-elementor-id=\"1978\" class=\"elementor elementor-1978\" data-elementor-post-type=\"page\">\n\t\t\t\t<div class=\"elementor-element elementor-element-565d434 e-flex e-con-boxed e-con e-parent\" data-id=\"565d434\" data-element_type=\"container\" data-e-type=\"container\">\n\t\t\t\t\t<div class=\"e-con-inner\">\n\t\t\t\t<div class=\"elementor-element elementor-element-a158318 elementor-widget elementor-widget-heading\" data-id=\"a158318\" data-element_type=\"widget\" data-e-type=\"widget\" data-widget_type=\"heading.default\">\n\t\t\t\t<div class=\"elementor-widget-container\">\n\t\t\t\t\t<h2 class=\"elementor-heading-title elementor-size-default\">Condiciones generales<\/h2>\t\t\t\t<\/div>\n\t\t\t\t<\/div>\n\t\t\t\t<div class=\"elementor-element elementor-element-98a9b29 elementor-widget-divider--view-line elementor-widget elementor-widget-divider\" data-id=\"98a9b29\" data-element_type=\"widget\" data-e-type=\"widget\" data-widget_type=\"divider.default\">\n\t\t\t\t<div class=\"elementor-widget-container\">\n\t\t\t\t\t\t\t<div class=\"elementor-divider\">\n\t\t\t<span class=\"elementor-divider-separator\">\n\t\t\t\t\t\t<\/span>\n\t\t<\/div>\n\t\t\t\t\t\t<\/div>\n\t\t\t\t<\/div>\n\t\t\t\t<div class=\"elementor-element elementor-element-e06a349 elementor-widget elementor-widget-text-editor\" data-id=\"e06a349\" data-element_type=\"widget\" data-e-type=\"widget\" data-widget_type=\"text-editor.default\">\n\t\t\t\t<div class=\"elementor-widget-container\">\n\t\t\t\t\t\t\t\t\t<h5><strong>T\u00e9rminos y condiciones para los productos de setas, la orientaci\u00f3n sobre microdosificaci\u00f3n y los servicios relacionados<\/strong><\/h5><p><strong>Renuncia de responsabilidad<\/strong><\/p><p>El presente documento recoge las condiciones que rigen el uso de los productos y servicios proporcionados por <strong>Amanited<\/strong>un subdepartamento de <strong>Salto cu\u00e1ntico<\/strong>filial de <strong>Human Up Inc.<\/strong>con sede en Colorado, EE.UU. Al acceder a nuestro sitio web o comprar nuestros productos, usted acepta estos t\u00e9rminos y condiciones, incluida cualquier pol\u00edtica adicional a la que se haga referencia.<\/p><p><strong>Aceptaci\u00f3n de las condiciones<\/strong><\/p><p>Al utilizar el sitio web de Amanited o comprar nuestros productos y servicios de setas, usted acepta cumplir estos T\u00e9rminos y Condiciones, junto con cualquier pol\u00edtica a la que se haga referencia, como nuestra <strong>Pol\u00edtica de privacidad<\/strong>. Si no est\u00e1 de acuerdo, deber\u00e1 abstenerse de utilizar el sitio web o de comprar productos.<\/p><p><strong>Modificaciones de las condiciones<\/strong><\/p><p>Amanited se reserva el derecho de actualizar o modificar estos T\u00e9rminos y Condiciones sin previo aviso. Los cambios entrar\u00e1n en vigor inmediatamente despu\u00e9s de su publicaci\u00f3n. Su uso continuado de la p\u00e1gina web constituye la aceptaci\u00f3n de cualquier modificaci\u00f3n. Es su responsabilidad revisar estos t\u00e9rminos peri\u00f3dicamente.<\/p><p><strong>Cumplimiento legal y uso del producto<\/strong><\/p><p>Nuestros productos, que incluyen varios tipos de setas conocidas por sus beneficios para el bienestar, se venden desde Colorado, donde son legales y est\u00e1n clasificados como complementos alimenticios. Sin embargo, la legalidad de estos productos puede variar seg\u00fan la jurisdicci\u00f3n. Es responsabilidad del cliente asegurarse de que la compra y el uso de los productos de setas de Amanited cumplen la legislaci\u00f3n local.<\/p><p>Las setas vendidas por <strong>Amanited<\/strong> tienen por objeto <strong>s\u00f3lo con fines decorativos<\/strong> y <strong>no son para consumo humano<\/strong>. Estos productos no han sido evaluados ni aprobados por la Food and Drug Administration (FDA), y no deben considerarse para fines medicinales o diet\u00e9ticos. Cualquier uso de los productos es bajo su propio riesgo, y Amanited declina cualquier responsabilidad por las consecuencias derivadas de un uso inadecuado o ilegal.<\/p><p><strong>Finalidad de los productos<\/strong><\/p><p>Los productos de Amanited est\u00e1n destinados al uso personal y al bienestar general. Si bien los productos pueden promover el bienestar, Amanited no hace ninguna afirmaci\u00f3n m\u00e9dica con respecto al tratamiento o la prevenci\u00f3n de condiciones de salud. Si padece alguna enfermedad subyacente o est\u00e1 tomando medicaci\u00f3n, consulte a su m\u00e9dico antes de utilizar nuestros productos.<\/p><p><strong>Usuarios restringidos<\/strong><\/p><p>Las siguientes personas no deben utilizar los productos o servicios de Amanited:<\/p><ul><li>Mujeres embarazadas o en periodo de lactancia<\/li><li>Personas con c\u00e1lculos renales o biliares<\/li><li>Personas diagnosticadas de esquizofrenia, trastorno bipolar u otras enfermedades mentales graves.<\/li><li>Personas que toman medicamentos que afectan a los receptores GABA del cerebro o f\u00e1rmacos de la familia de las benzodiacepinas.<\/li><li>Personas que han sufrido un episodio psic\u00f3tico en los \u00faltimos seis meses<\/li><li>Personas con problemas de visi\u00f3n, mareos o dolores de cabeza en los \u00faltimos seis meses<\/li><\/ul><p>Se recomienda encarecidamente consultar con un profesional sanitario antes de iniciar cualquier r\u00e9gimen de suplementos.<\/p><p><strong>Indemnizaci\u00f3n<\/strong><\/p><p>Al utilizar nuestros productos, usted acepta indemnizar y eximir de responsabilidad a <strong>Amanited<\/strong>su empresa matriz <strong>Salto cu\u00e1ntico<\/strong>y su organizaci\u00f3n paraguas <strong>Human Up Inc.<\/strong>as\u00ed como a sus respectivos empleados, afiliados y socios, de cualquier reclamaci\u00f3n, da\u00f1o o responsabilidad derivada del uso que usted haga de los productos o servicios, incluido el incumplimiento de las leyes locales.<\/p><p><strong>Limitaci\u00f3n de responsabilidad<\/strong><\/p><p>En la m\u00e1xima medida permitida por la ley, Amanited declina toda responsabilidad por cualquier da\u00f1o derivado del uso o la imposibilidad de uso de su sitio web, productos o servicios, incluyendo lesiones personales, da\u00f1os a la propiedad o p\u00e9rdida de beneficios. Esto incluye da\u00f1os directos, indirectos, incidentales o consecuentes.<\/p><p>La responsabilidad total de Amanited por cualquier reclamaci\u00f3n relacionada con el uso de sus productos se limita al importe pagado por el cliente por el producto en cuesti\u00f3n.<\/p><p><strong>Sin reclamaciones m\u00e9dicas<\/strong><\/p><p>Amanited no proporciona asesoramiento m\u00e9dico ni hace ninguna afirmaci\u00f3n con respecto a las propiedades curativas de sus productos. Los productos y servicios ofrecidos por Amanited no est\u00e1n destinados a diagnosticar, tratar o prevenir ninguna enfermedad, y ninguna informaci\u00f3n proporcionada por Amanited debe ser considerada como consejo m\u00e9dico. Le recomendamos encarecidamente que busque consejo m\u00e9dico profesional antes de utilizar nuestros productos, especialmente si tiene enfermedades preexistentes.<\/p><p><strong>Garant\u00eda de calidad y seguridad de los productos<\/strong><\/p><p>Amanited toma medidas para garantizar la seguridad y consistencia de sus productos mediante procesos de control de calidad. Sin embargo, es su responsabilidad utilizar los productos seg\u00fan las indicaciones y seguir todas las directrices de seguridad proporcionadas. Amanited no se hace responsable del mal uso de sus productos o de los efectos adversos resultantes de un uso inadecuado.<\/p><p><strong>Seguridad del sitio web y de la cuenta<\/strong><\/p><p>La seguridad de su informaci\u00f3n personal es importante para nosotros. Amanited utiliza medidas razonables para proteger sus datos personales. Sin embargo, ning\u00fan m\u00e9todo de transmisi\u00f3n a trav\u00e9s de Internet es completamente seguro, y usted reconoce que cualquier informaci\u00f3n compartida con Amanited es bajo su propio riesgo.<\/p><p>Usted es responsable de mantener la confidencialidad de los detalles de su cuenta y acepta no compartir sus credenciales de acceso con nadie. Amanited no se hace responsable del acceso no autorizado a su cuenta como resultado de una violaci\u00f3n de seguridad por su parte.<\/p><p><strong>Propiedad intelectual<\/strong><\/p><p>Todo el contenido del sitio web de Amanited, incluyendo textos, gr\u00e1ficos, logotipos, im\u00e1genes y software, es propiedad de Amanited o de sus licenciantes y est\u00e1 protegido por las leyes de propiedad intelectual. Se le concede una licencia limitada e intransferible para acceder y utilizar el contenido \u00fanicamente con fines personales y no comerciales. Cualquier uso no autorizado de los contenidos, incluyendo su reproducci\u00f3n o modificaci\u00f3n, est\u00e1 prohibido.<\/p><p><strong>Finalizaci\u00f3n del uso<\/strong><\/p><p>Amanited se reserva el derecho de terminar o suspender su acceso a su sitio web, productos o servicios en cualquier momento, sin previo aviso, si determinamos que usted ha violado estos T\u00e9rminos y Condiciones.<\/p><p><strong>Pol\u00edtica de privacidad<\/strong><\/p><p>Al utilizar el sitio web y los servicios de Amanited, usted acepta la recopilaci\u00f3n, el uso y la divulgaci\u00f3n de su informaci\u00f3n personal de conformidad con nuestra pol\u00edtica de privacidad. <strong>Pol\u00edtica de privacidad<\/strong>. Esto incluye el uso de cookies y otras tecnolog\u00edas de seguimiento. Puede consultar nuestra Pol\u00edtica de privacidad para obtener m\u00e1s informaci\u00f3n sobre la gesti\u00f3n de sus datos.<\/p><p><strong>Ley aplicable y jurisdicci\u00f3n<\/strong><\/p><p>Estos T\u00e9rminos y Condiciones se rigen por las leyes del estado de Colorado, EE.UU.. Cualquier disputa legal que surja de su uso del sitio web, los productos o los servicios de Amanited deber\u00e1 presentarse ante un tribunal ubicado en Colorado.<\/p><p><strong>No Renuncia<\/strong><\/p><p>El hecho de que Amanited no haga cumplir alguna de las disposiciones de las presentes Condiciones Generales no constituye una renuncia a dicha disposici\u00f3n ni a ninguna otra.<\/p>\t\t\t\t\t\t\t\t<\/div>\n\t\t\t\t<\/div>\n\t\t\t\t\t<\/div>\n\t\t\t\t<\/div>\n\t\t\t\t<\/div>","protected":false},"excerpt":{"rendered":"<p>Terms and Conditions Terms and Conditions for Mushroom Products, Microdosing Guidance, and Related Services Disclaimer and Waiver of Liability This document outlines the terms and conditions governing the use of products and services provided by Amanited, a sub-department of Quantum Leap, a subsidiary of Human Up Inc., based in Colorado, USA. By accessing our website [&hellip;]<\/p>\n","protected":false},"author":1,"featured_media":0,"parent":0,"menu_order":0,"comment_status":"closed","ping_status":"closed","template":"","meta":{"_acf_changed":false,"om_disable_all_campaigns":false,"footnotes":""},"class_list":["post-1978","page","type-page","status-publish","hentry"],"acf":[],"aioseo_notices":[],"_links":{"self":[{"href":"https:\/\/amanited.com\/es\/wp-json\/wp\/v2\/pages\/1978","targetHints":{"allow":["GET"]}}],"collection":[{"href":"https:\/\/amanited.com\/es\/wp-json\/wp\/v2\/pages"}],"about":[{"href":"https:\/\/amanited.com\/es\/wp-json\/wp\/v2\/types\/page"}],"author":[{"embeddable":true,"href":"https:\/\/amanited.com\/es\/wp-json\/wp\/v2\/users\/1"}],"replies":[{"embeddable":true,"href":"https:\/\/amanited.com\/es\/wp-json\/wp\/v2\/comments?post=1978"}],"version-history":[{"count":7,"href":"https:\/\/amanited.com\/es\/wp-json\/wp\/v2\/pages\/1978\/revisions"}],"predecessor-version":[{"id":1985,"href":"https:\/\/amanited.com\/es\/wp-json\/wp\/v2\/pages\/1978\/revisions\/1985"}],"wp:attachment":[{"href":"https:\/\/amanited.com\/es\/wp-json\/wp\/v2\/media?parent=1978"}],"curies":[{"name":"wp","href":"https:\/\/api.w.org\/{rel}","templated":true}]}}