{"id":906,"date":"2024-08-12T06:19:19","date_gmt":"2024-08-12T06:19:19","guid":{"rendered":"https:\/\/amanited.com\/?page_id=906"},"modified":"2025-03-09T04:30:22","modified_gmt":"2025-03-09T04:30:22","slug":"elementor-906","status":"publish","type":"page","link":"https:\/\/amanited.com\/es\/","title":{"rendered":"AMA-PATCH 03"},"content":{"rendered":"<div data-elementor-type=\"wp-page\" data-elementor-id=\"906\" class=\"elementor elementor-906\" data-elementor-post-type=\"page\">\n\t\t\t\t<div class=\"elementor-element elementor-element-98e8f38 e-flex e-con-boxed e-con e-parent\" data-id=\"98e8f38\" data-element_type=\"container\" data-e-type=\"container\" data-settings=\"{&quot;background_background&quot;:&quot;classic&quot;}\">\n\t\t\t\t\t<div class=\"e-con-inner\">\n\t\t<div class=\"elementor-element elementor-element-0844c95 e-con-full e-flex e-con e-child\" data-id=\"0844c95\" data-element_type=\"container\" data-e-type=\"container\">\n\t\t\t\t<div class=\"elementor-element elementor-element-21bf516 elementor-widget-mobile__width-initial elementor-widget elementor-widget-heading\" data-id=\"21bf516\" data-element_type=\"widget\" data-e-type=\"widget\" data-widget_type=\"heading.default\">\n\t\t\t\t<div class=\"elementor-widget-container\">\n\t\t\t\t\t<h2 class=\"elementor-heading-title elementor-size-default\">Parches premium de Amanita Muscaria<\/h2>\t\t\t\t<\/div>\n\t\t\t\t<\/div>\n\t\t\t\t<div class=\"elementor-element elementor-element-ab6ef50 elementor-widget__width-initial elementor-widget elementor-widget-text-editor\" data-id=\"ab6ef50\" data-element_type=\"widget\" data-e-type=\"widget\" data-widget_type=\"text-editor.default\">\n\t\t\t\t<div class=\"elementor-widget-container\">\n\t\t\t\t\t\t\t\t\t<p>Abrace una nueva era de salud hol\u00edstica y bienestar con un parche al d\u00eda.<\/p>\t\t\t\t\t\t\t\t<\/div>\n\t\t\t\t<\/div>\n\t\t\t\t<div class=\"elementor-element elementor-element-8778113 elementor-widget elementor-widget-button\" data-id=\"8778113\" data-element_type=\"widget\" data-e-type=\"widget\" data-widget_type=\"button.default\">\n\t\t\t\t<div class=\"elementor-widget-container\">\n\t\t\t\t\t\t\t\t\t<div class=\"elementor-button-wrapper\">\n\t\t\t\t\t<a class=\"elementor-button elementor-button-link elementor-size-sm\" href=\"https:\/\/amanited.com\/es\/producto\/amanita-muscaria\/\">\n\t\t\t\t\t\t<span class=\"elementor-button-content-wrapper\">\n\t\t\t\t\t\t\t\t\t<span class=\"elementor-button-text\">RESERVAR AHORA<\/span>\n\t\t\t\t\t<\/span>\n\t\t\t\t\t<\/a>\n\t\t\t\t<\/div>\n\t\t\t\t\t\t\t\t<\/div>\n\t\t\t\t<\/div>\n\t\t\t\t<\/div>\n\t\t<div class=\"elementor-element elementor-element-3749543 e-con-full e-flex e-con e-child\" data-id=\"3749543\" data-element_type=\"container\" data-e-type=\"container\">\n\t\t\t\t<div class=\"elementor-element elementor-element-fb6355d elementor-widget elementor-widget-image\" data-id=\"fb6355d\" data-element_type=\"widget\" data-e-type=\"widget\" data-widget_type=\"image.default\">\n\t\t\t\t<div class=\"elementor-widget-container\">\n\t\t\t\t\t\t\t\t\t\t\t\t\t\t\t<img fetchpriority=\"high\" decoding=\"async\" width=\"914\" height=\"1214\" src=\"https:\/\/amanited.com\/wp-content\/uploads\/2024\/08\/WhiteBG-e1723665518309.jpg\" class=\"attachment-full size-full wp-image-921\" alt=\"\" srcset=\"https:\/\/amanited.com\/wp-content\/uploads\/2024\/08\/WhiteBG-e1723665518309.jpg 914w, https:\/\/amanited.com\/wp-content\/uploads\/2024\/08\/WhiteBG-e1723665518309-600x797.jpg 600w, https:\/\/amanited.com\/wp-content\/uploads\/2024\/08\/WhiteBG-e1723665518309-226x300.jpg 226w, https:\/\/amanited.com\/wp-content\/uploads\/2024\/08\/WhiteBG-e1723665518309-771x1024.jpg 771w, https:\/\/amanited.com\/wp-content\/uploads\/2024\/08\/WhiteBG-e1723665518309-768x1020.jpg 768w\" sizes=\"(max-width: 914px) 100vw, 914px\" \/>\t\t\t\t\t\t\t\t\t\t\t\t\t\t\t<\/div>\n\t\t\t\t<\/div>\n\t\t\t\t<\/div>\n\t\t\t\t\t<\/div>\n\t\t\t\t<\/div>\n\t\t<div class=\"elementor-element elementor-element-6d56f3e e-flex e-con-boxed e-con e-parent\" data-id=\"6d56f3e\" data-element_type=\"container\" data-e-type=\"container\" data-settings=\"{&quot;background_background&quot;:&quot;classic&quot;}\">\n\t\t\t\t\t<div class=\"e-con-inner\">\n\t\t<div class=\"elementor-element elementor-element-22bc5bb e-con-full e-flex e-con e-child\" data-id=\"22bc5bb\" data-element_type=\"container\" data-e-type=\"container\">\n\t\t\t\t<div class=\"elementor-element elementor-element-f7d5d62 elementor-widget elementor-widget-image\" data-id=\"f7d5d62\" data-element_type=\"widget\" data-e-type=\"widget\" data-widget_type=\"image.default\">\n\t\t\t\t<div class=\"elementor-widget-container\">\n\t\t\t\t\t\t\t\t\t\t\t\t\t\t\t<img decoding=\"async\" width=\"800\" height=\"943\" src=\"https:\/\/amanited.com\/wp-content\/uploads\/2024\/08\/Big-Amanita-Mushroom.I15.2k-e1723664516592-869x1024.png\" class=\"attachment-large size-large wp-image-935\" alt=\"\" srcset=\"https:\/\/amanited.com\/wp-content\/uploads\/2024\/08\/Big-Amanita-Mushroom.I15.2k-e1723664516592-869x1024.png 869w, https:\/\/amanited.com\/wp-content\/uploads\/2024\/08\/Big-Amanita-Mushroom.I15.2k-e1723664516592-600x707.png 600w, https:\/\/amanited.com\/wp-content\/uploads\/2024\/08\/Big-Amanita-Mushroom.I15.2k-e1723664516592-254x300.png 254w, https:\/\/amanited.com\/wp-content\/uploads\/2024\/08\/Big-Amanita-Mushroom.I15.2k-e1723664516592-768x906.png 768w, https:\/\/amanited.com\/wp-content\/uploads\/2024\/08\/Big-Amanita-Mushroom.I15.2k-e1723664516592-1303x1536.png 1303w, https:\/\/amanited.com\/wp-content\/uploads\/2024\/08\/Big-Amanita-Mushroom.I15.2k-e1723664516592.png 1737w\" sizes=\"(max-width: 800px) 100vw, 800px\" \/>\t\t\t\t\t\t\t\t\t\t\t\t\t\t\t<\/div>\n\t\t\t\t<\/div>\n\t\t\t\t<\/div>\n\t\t<div class=\"elementor-element elementor-element-3998ad7 e-con-full e-flex e-con e-child\" data-id=\"3998ad7\" data-element_type=\"container\" data-e-type=\"container\">\n\t\t\t\t<div class=\"elementor-element elementor-element-00ddf8a elementor-widget elementor-widget-heading\" data-id=\"00ddf8a\" data-element_type=\"widget\" data-e-type=\"widget\" data-widget_type=\"heading.default\">\n\t\t\t\t<div class=\"elementor-widget-container\">\n\t\t\t\t\t<h2 class=\"elementor-heading-title elementor-size-default\">\u00bfQu\u00e9 es la Amanita Muscaria?<\/h2>\t\t\t\t<\/div>\n\t\t\t\t<\/div>\n\t\t\t\t<div class=\"elementor-element elementor-element-f3fe959 elementor-widget elementor-widget-text-editor\" data-id=\"f3fe959\" data-element_type=\"widget\" data-e-type=\"widget\" data-widget_type=\"text-editor.default\">\n\t\t\t\t<div class=\"elementor-widget-container\">\n\t\t\t\t\t\t\t\t\t<p>La Amanita muscaria, com\u00fanmente conocida como ag\u00e1rico de mosca, es una seta reconocida por su caracter\u00edstico sombrero rojo con manchas blancas. Hist\u00f3ricamente, ha aparecido en diversos contextos culturales y art\u00edsticos, simbolizando la m\u00edstica y la belleza natural.<\/p>\t\t\t\t\t\t\t\t<\/div>\n\t\t\t\t<\/div>\n\t\t\t\t<div class=\"elementor-element elementor-element-bbf2b29 elementor-mobile-align-center elementor-widget elementor-widget-button\" data-id=\"bbf2b29\" data-element_type=\"widget\" data-e-type=\"widget\" data-widget_type=\"button.default\">\n\t\t\t\t<div class=\"elementor-widget-container\">\n\t\t\t\t\t\t\t\t\t<div class=\"elementor-button-wrapper\">\n\t\t\t\t\t<a class=\"elementor-button elementor-button-link elementor-size-sm\" href=\"https:\/\/amanited.com\/es\/producto\/amanita-muscaria-dry-caps\/\">\n\t\t\t\t\t\t<span class=\"elementor-button-content-wrapper\">\n\t\t\t\t\t\t\t\t\t<span class=\"elementor-button-text\">SABER M\u00c1S<\/span>\n\t\t\t\t\t<\/span>\n\t\t\t\t\t<\/a>\n\t\t\t\t<\/div>\n\t\t\t\t\t\t\t\t<\/div>\n\t\t\t\t<\/div>\n\t\t\t\t<\/div>\n\t\t\t\t\t<\/div>\n\t\t\t\t<\/div>\n\t\t<div class=\"elementor-element elementor-element-f1dc439 e-flex e-con-boxed e-con e-parent\" data-id=\"f1dc439\" data-element_type=\"container\" data-e-type=\"container\" data-settings=\"{&quot;background_background&quot;:&quot;classic&quot;}\">\n\t\t\t\t\t<div class=\"e-con-inner\">\n\t\t<div class=\"elementor-element elementor-element-963aac9 e-con-full e-flex e-con e-child\" data-id=\"963aac9\" data-element_type=\"container\" data-e-type=\"container\">\n\t\t\t\t<div class=\"elementor-element elementor-element-72a469f elementor-widget elementor-widget-image\" data-id=\"72a469f\" data-element_type=\"widget\" data-e-type=\"widget\" data-widget_type=\"image.default\">\n\t\t\t\t<div class=\"elementor-widget-container\">\n\t\t\t\t\t\t\t\t\t\t\t\t\t\t\t<img decoding=\"async\" width=\"1167\" height=\"721\" src=\"https:\/\/amanited.com\/wp-content\/uploads\/2024\/08\/2-sides-e1723666161199.jpg\" class=\"attachment-full size-full wp-image-950\" alt=\"\" srcset=\"https:\/\/amanited.com\/wp-content\/uploads\/2024\/08\/2-sides-e1723666161199.jpg 1167w, https:\/\/amanited.com\/wp-content\/uploads\/2024\/08\/2-sides-e1723666161199-600x371.jpg 600w, https:\/\/amanited.com\/wp-content\/uploads\/2024\/08\/2-sides-e1723666161199-300x185.jpg 300w, https:\/\/amanited.com\/wp-content\/uploads\/2024\/08\/2-sides-e1723666161199-1024x633.jpg 1024w, https:\/\/amanited.com\/wp-content\/uploads\/2024\/08\/2-sides-e1723666161199-768x474.jpg 768w\" sizes=\"(max-width: 1167px) 100vw, 1167px\" \/>\t\t\t\t\t\t\t\t\t\t\t\t\t\t\t<\/div>\n\t\t\t\t<\/div>\n\t\t\t\t<\/div>\n\t\t<div class=\"elementor-element elementor-element-1277414 e-con-full e-flex e-con e-child\" data-id=\"1277414\" data-element_type=\"container\" data-e-type=\"container\">\n\t\t\t\t<div class=\"elementor-element elementor-element-52ea476 elementor-widget__width-initial elementor-widget elementor-widget-heading\" data-id=\"52ea476\" data-element_type=\"widget\" data-e-type=\"widget\" data-widget_type=\"heading.default\">\n\t\t\t\t<div class=\"elementor-widget-container\">\n\t\t\t\t\t<h2 class=\"elementor-heading-title elementor-size-default\">Transforme su vida con nuestro\npack de iniciaci\u00f3n<\/h2>\t\t\t\t<\/div>\n\t\t\t\t<\/div>\n\t\t\t\t<div class=\"elementor-element elementor-element-c5f1870 elementor-widget__width-initial elementor-widget elementor-widget-text-editor\" data-id=\"c5f1870\" data-element_type=\"widget\" data-e-type=\"widget\" data-widget_type=\"text-editor.default\">\n\t\t\t\t<div class=\"elementor-widget-container\">\n\t\t\t\t\t\t\t\t\tParches 2\u00d730\t\t\t\t\t\t\t\t<\/div>\n\t\t\t\t<\/div>\n\t\t\t\t<div class=\"elementor-element elementor-element-15a0b57 elementor-mobile-align-center elementor-icon-list--layout-traditional elementor-list-item-link-full_width elementor-widget elementor-widget-icon-list\" data-id=\"15a0b57\" data-element_type=\"widget\" data-e-type=\"widget\" data-widget_type=\"icon-list.default\">\n\t\t\t\t<div class=\"elementor-widget-container\">\n\t\t\t\t\t\t\t<ul class=\"elementor-icon-list-items\">\n\t\t\t\t\t\t\t<li class=\"elementor-icon-list-item\">\n\t\t\t\t\t\t\t\t\t\t\t<span class=\"elementor-icon-list-icon\">\n\t\t\t\t\t\t\t<i aria-hidden=\"true\" class=\"fas fa-check\"><\/i>\t\t\t\t\t\t<\/span>\n\t\t\t\t\t\t\t\t\t\t<span class=\"elementor-icon-list-text\">Aprobado por GMP<\/span>\n\t\t\t\t\t\t\t\t\t<\/li>\n\t\t\t\t\t\t\t\t<li class=\"elementor-icon-list-item\">\n\t\t\t\t\t\t\t\t\t\t\t<span class=\"elementor-icon-list-icon\">\n\t\t\t\t\t\t\t<i aria-hidden=\"true\" class=\"fas fa-check\"><\/i>\t\t\t\t\t\t<\/span>\n\t\t\t\t\t\t\t\t\t\t<span class=\"elementor-icon-list-text\">Seleccionados a mano seg\u00fan la temporada<\/span>\n\t\t\t\t\t\t\t\t\t<\/li>\n\t\t\t\t\t\t\t\t<li class=\"elementor-icon-list-item\">\n\t\t\t\t\t\t\t\t\t\t\t<span class=\"elementor-icon-list-icon\">\n\t\t\t\t\t\t\t<i aria-hidden=\"true\" class=\"fas fa-check\"><\/i>\t\t\t\t\t\t<\/span>\n\t\t\t\t\t\t\t\t\t\t<span class=\"elementor-icon-list-text\">Seguro para uso t\u00f3pico<\/span>\n\t\t\t\t\t\t\t\t\t<\/li>\n\t\t\t\t\t\t\t\t<li class=\"elementor-icon-list-item\">\n\t\t\t\t\t\t\t\t\t\t\t<span class=\"elementor-icon-list-icon\">\n\t\t\t\t\t\t\t<i aria-hidden=\"true\" class=\"fas fa-check\"><\/i>\t\t\t\t\t\t<\/span>\n\t\t\t\t\t\t\t\t\t\t<span class=\"elementor-icon-list-text\">Cuidadosamente seleccionados<\/span>\n\t\t\t\t\t\t\t\t\t<\/li>\n\t\t\t\t\t\t<\/ul>\n\t\t\t\t\t\t<\/div>\n\t\t\t\t<\/div>\n\t\t\t\t<div class=\"elementor-element elementor-element-1971db1 elementor-widget elementor-widget-button\" data-id=\"1971db1\" data-element_type=\"widget\" data-e-type=\"widget\" data-widget_type=\"button.default\">\n\t\t\t\t<div class=\"elementor-widget-container\">\n\t\t\t\t\t\t\t\t\t<div class=\"elementor-button-wrapper\">\n\t\t\t\t\t<a class=\"elementor-button elementor-button-link elementor-size-sm\" href=\"https:\/\/amanited.com\/es\/producto\/amanita-muscaria\/\">\n\t\t\t\t\t\t<span class=\"elementor-button-content-wrapper\">\n\t\t\t\t\t\t\t\t\t<span class=\"elementor-button-text\">RESERVAR AHORA<\/span>\n\t\t\t\t\t<\/span>\n\t\t\t\t\t<\/a>\n\t\t\t\t<\/div>\n\t\t\t\t\t\t\t\t<\/div>\n\t\t\t\t<\/div>\n\t\t\t\t<\/div>\n\t\t\t\t\t<\/div>\n\t\t\t\t<\/div>\n\t\t\t\t<\/div>","protected":false},"excerpt":{"rendered":"<p>Premium Amanita Muscaria Patches Embrace a new era of holistic health and well-being with one patch a day. PREORDER NOW What is Amanita Muscaria? Amanita muscaria, commonly known as the fly agaric, is a mushroom recognized for its distinctive red cap with white spots. Historically, it has been featured in various cultural and artistic contexts, [&hellip;]<\/p>\n","protected":false},"author":1,"featured_media":0,"parent":0,"menu_order":0,"comment_status":"closed","ping_status":"closed","template":"elementor_header_footer","meta":{"_acf_changed":false,"om_disable_all_campaigns":false,"footnotes":""},"class_list":["post-906","page","type-page","status-publish","hentry"],"acf":[],"aioseo_notices":[],"_links":{"self":[{"href":"https:\/\/amanited.com\/es\/wp-json\/wp\/v2\/pages\/906","targetHints":{"allow":["GET"]}}],"collection":[{"href":"https:\/\/amanited.com\/es\/wp-json\/wp\/v2\/pages"}],"about":[{"href":"https:\/\/amanited.com\/es\/wp-json\/wp\/v2\/types\/page"}],"author":[{"embeddable":true,"href":"https:\/\/amanited.com\/es\/wp-json\/wp\/v2\/users\/1"}],"replies":[{"embeddable":true,"href":"https:\/\/amanited.com\/es\/wp-json\/wp\/v2\/comments?post=906"}],"version-history":[{"count":160,"href":"https:\/\/amanited.com\/es\/wp-json\/wp\/v2\/pages\/906\/revisions"}],"predecessor-version":[{"id":2142,"href":"https:\/\/amanited.com\/es\/wp-json\/wp\/v2\/pages\/906\/revisions\/2142"}],"wp:attachment":[{"href":"https:\/\/amanited.com\/es\/wp-json\/wp\/v2\/media?parent=906"}],"curies":[{"name":"wp","href":"https:\/\/api.w.org\/{rel}","templated":true}]}}