{"id":1927,"date":"2024-10-09T21:23:35","date_gmt":"2024-10-09T21:23:35","guid":{"rendered":"https:\/\/amanited.com\/?post_type=product&#038;p=1927"},"modified":"2024-11-28T11:06:21","modified_gmt":"2024-11-28T11:06:21","slug":"amanita-pantherina-dry-caps","status":"publish","type":"product","link":"https:\/\/amanited.com\/es\/producto\/amanita-pantherina-dry-caps\/","title":{"rendered":"Amanita Pantherina C\u00e1psulas Secas - 30G"},"content":{"rendered":"<p><strong>\u00bfPor qu\u00e9 comprarnos?<\/strong><\/p>\n<p>Las setas Amanita Pantherina no se pueden cultivar en un laboratorio, s\u00f3lo prosperan en entornos forestales naturales. Durante m\u00e1s de tres a\u00f1os, hemos desarrollado un sistema log\u00edstico global \u00fanico para garantizar que usted reciba las mejores setas silvestres. He aqu\u00ed por qu\u00e9 destacamos:<\/p>\n<p><strong>1. Cosecha global durante todo el a\u00f1o:<\/strong><br \/>\nNos abastecemos de setas Amanita Pantherina procedentes de siete pa\u00edses: Nueva Zelanda, Finlandia, Lituania, Rusia, Portugal, EE.UU. y Canad\u00e1. Esto garantiza cosechas frescas durante todo el a\u00f1o, sin importar la estaci\u00f3n.<\/p>\n<p><strong>2. S\u00f3lo calidad de grado A:<\/strong><br \/>\nCada seta se recoge cuidadosamente a mano para que cumpla las normas de calidad m\u00e1s estrictas, evitando las opciones de calidad inferior que suelen venderse a granel o en polvo.<\/p>\n<p><strong>3. Pruebas de laboratorio de terceros:<\/strong><br \/>\nCada lote se somete a rigurosas pruebas para garantizar la m\u00e1xima calidad, potencia natural y pureza.<\/p>\n<p><strong>4. Embalaje de primera calidad:<\/strong><br \/>\nNuestras setas se envasan al vac\u00edo en recipientes de aluminio herm\u00e9ticos, que las protegen de la humedad y garantizan una frescura y potencia duraderas.<\/p>\n<p><strong>Presentamos los sombreros enteros de seta Amanita Pantherina de Amanited<\/strong><\/p>\n<p>Elaboradas a partir de las mejores setas Amanita Pantherina de grado A, cada bolsa contiene setas cuidadosamente seleccionadas y desecadas para preservar sus propiedades naturales. Nuestras setas se envasan en recipientes herm\u00e9ticos para garantizar la m\u00e1xima frescura y potencia.<\/p>\n<p><strong>\u00bfQu\u00e9 es la seta Amanita Pantherina?<\/strong><\/p>\n<p>La Amanita Pantherina, tambi\u00e9n conocida como Panther Cap, es una seta poco conocida pero fascinante, con un rico patrimonio. Hist\u00f3ricamente ha estado vinculada a diversas pr\u00e1cticas tradicionales y destaca por su aspecto inconfundible y sus caracter\u00edsticas \u00fanicas. Procedente de bosques v\u00edrgenes, esta seta rara ha cautivado la atenci\u00f3n durante siglos por sus intrigantes propiedades.<\/p>\n<p>Nota: Estas afirmaciones no han sido evaluadas por la FDA. Este producto no est\u00e1 destinado a diagnosticar, tratar ni prevenir ninguna enfermedad.<\/p>","protected":false},"excerpt":{"rendered":"<p>Why Buy From Us? Amanita Pantherina mushrooms cannot be grown in a lab\u2014they thrive only in natural forest environments. For over three years, we\u2019ve developed a unique global logistics system to ensure you receive the finest wild-picked mushrooms. Here&#8217;s why we stand out: 1. Year-Round Global Harvesting: We source Amanita Pantherina mushrooms from seven countries: [&hellip;]<\/p>\n","protected":false},"featured_media":1935,"comment_status":"open","ping_status":"closed","template":"","meta":{"_acf_changed":false,"om_disable_all_campaigns":false},"product_brand":[],"product_cat":[15],"product_tag":[62],"class_list":{"0":"post-1927","1":"product","2":"type-product","3":"status-publish","4":"has-post-thumbnail","6":"product_cat-uncategorized","7":"product_tag-shop","9":"first","10":"instock","11":"shipping-taxable","12":"purchasable","13":"product-type-simple"},"acf":[],"aioseo_notices":[],"_links":{"self":[{"href":"https:\/\/amanited.com\/es\/wp-json\/wp\/v2\/product\/1927","targetHints":{"allow":["GET"]}}],"collection":[{"href":"https:\/\/amanited.com\/es\/wp-json\/wp\/v2\/product"}],"about":[{"href":"https:\/\/amanited.com\/es\/wp-json\/wp\/v2\/types\/product"}],"replies":[{"embeddable":true,"href":"https:\/\/amanited.com\/es\/wp-json\/wp\/v2\/comments?post=1927"}],"wp:featuredmedia":[{"embeddable":true,"href":"https:\/\/amanited.com\/es\/wp-json\/wp\/v2\/media\/1935"}],"wp:attachment":[{"href":"https:\/\/amanited.com\/es\/wp-json\/wp\/v2\/media?parent=1927"}],"wp:term":[{"taxonomy":"product_brand","embeddable":true,"href":"https:\/\/amanited.com\/es\/wp-json\/wp\/v2\/product_brand?post=1927"},{"taxonomy":"product_cat","embeddable":true,"href":"https:\/\/amanited.com\/es\/wp-json\/wp\/v2\/product_cat?post=1927"},{"taxonomy":"product_tag","embeddable":true,"href":"https:\/\/amanited.com\/es\/wp-json\/wp\/v2\/product_tag?post=1927"}],"curies":[{"name":"wp","href":"https:\/\/api.w.org\/{rel}","templated":true}]}}