{"id":893,"date":"2024-08-03T10:37:04","date_gmt":"2024-08-03T10:37:04","guid":{"rendered":"https:\/\/amanited.com\/?post_type=product&#038;p=893"},"modified":"2024-11-26T07:42:57","modified_gmt":"2024-11-26T07:42:57","slug":"amanita-muscaria","status":"publish","type":"product","link":"https:\/\/amanited.com\/es\/producto\/amanita-muscaria\/","title":{"rendered":"Amanita Muscaria - AMA-03 PATCH"},"content":{"rendered":"<p>Descubra los beneficios y de la Amanita Muscaria a trav\u00e9s de nuestros revolucionarios parches cut\u00e1neos. Dise\u00f1ado para una c\u00f3moda absorci\u00f3n transd\u00e9rmica, AMA-PATCH 03 favorece la salud mental y f\u00edsica promoviendo la claridad mental, reduciendo la ansiedad y la depresi\u00f3n, aliviando el dolor cr\u00f3nico y mejorando el bienestar general.<\/p>\n<p><strong>C\u00e9lulas m\u00e1s sanas<\/strong><br \/>\nRejuvenezca y fortalezca las c\u00e9lulas con nuestros avanzados parches cut\u00e1neos, que favorecen la comunicaci\u00f3n celular y la vitalidad.<\/p>\n<p><strong>Un cuerpo m\u00e1s sano<\/strong><br \/>\nMejore el metabolismo, la funci\u00f3n cardiaca, la salud hep\u00e1tica y el equilibrio inmunitario con la liberaci\u00f3n sostenida de principios activos a trav\u00e9s de nuestros parches cut\u00e1neos.<\/p>\n<p><strong>Una mente m\u00e1s sana<\/strong><br \/>\nExperimente un estado de \u00e1nimo m\u00e1s tranquilo, una reducci\u00f3n de la ansiedad, una mejora de la concentraci\u00f3n y un sue\u00f1o m\u00e1s profundo con AMA-PATCH 03.<\/p>\n<p>&nbsp;<\/p>","protected":false},"excerpt":{"rendered":"<p><strong> &#8211; Out of stock &#8211; back in stock December 2024 &#8211; <\/strong><br \/>\n<strong>Descubra el poder de AMA-PATCH 03<\/strong><\/p>\n<p>Aproveche las antiguas propiedades de bienestar de la Amanita Muscaria a trav\u00e9s de nuestros revolucionarios parches cut\u00e1neos. Dise\u00f1ado para una c\u00f3moda absorci\u00f3n transd\u00e9rmica, AMA-PATCH 03 favorece la salud mental y f\u00edsica promoviendo la claridad mental, reduciendo la ansiedad y la depresi\u00f3n, aliviando el dolor cr\u00f3nico y mejorando el bienestar general.<\/p>\n<p>&nbsp;<\/p>","protected":false},"featured_media":2055,"comment_status":"open","ping_status":"closed","template":"","meta":{"_acf_changed":false,"om_disable_all_campaigns":false},"product_brand":[],"product_cat":[29,31],"product_tag":[67,62],"class_list":{"0":"post-893","1":"product","2":"type-product","3":"status-publish","4":"has-post-thumbnail","6":"product_cat-health-supplements","7":"product_cat-patches","8":"product_tag-backorder","9":"product_tag-shop","11":"first","12":"outofstock","13":"shipping-taxable","14":"purchasable","15":"product-type-simple"},"acf":[],"aioseo_notices":[],"_links":{"self":[{"href":"https:\/\/amanited.com\/es\/wp-json\/wp\/v2\/product\/893","targetHints":{"allow":["GET"]}}],"collection":[{"href":"https:\/\/amanited.com\/es\/wp-json\/wp\/v2\/product"}],"about":[{"href":"https:\/\/amanited.com\/es\/wp-json\/wp\/v2\/types\/product"}],"replies":[{"embeddable":true,"href":"https:\/\/amanited.com\/es\/wp-json\/wp\/v2\/comments?post=893"}],"wp:featuredmedia":[{"embeddable":true,"href":"https:\/\/amanited.com\/es\/wp-json\/wp\/v2\/media\/2055"}],"wp:attachment":[{"href":"https:\/\/amanited.com\/es\/wp-json\/wp\/v2\/media?parent=893"}],"wp:term":[{"taxonomy":"product_brand","embeddable":true,"href":"https:\/\/amanited.com\/es\/wp-json\/wp\/v2\/product_brand?post=893"},{"taxonomy":"product_cat","embeddable":true,"href":"https:\/\/amanited.com\/es\/wp-json\/wp\/v2\/product_cat?post=893"},{"taxonomy":"product_tag","embeddable":true,"href":"https:\/\/amanited.com\/es\/wp-json\/wp\/v2\/product_tag?post=893"}],"curies":[{"name":"wp","href":"https:\/\/api.w.org\/{rel}","templated":true}]}}